{"id":4396,"date":"2024-05-31T14:37:52","date_gmt":"2024-05-31T14:37:52","guid":{"rendered":"https:\/\/website-6f3da8a7.xtr.cfv.mybluehost.me\/?page_id=4396"},"modified":"2024-06-01T08:44:13","modified_gmt":"2024-06-01T08:44:13","slug":"indemnification","status":"publish","type":"page","link":"https:\/\/job4all.ca\/fr\/indemnification\/","title":{"rendered":"L'indemnisation"},"content":{"rendered":"<div data-elementor-type=\"wp-page\" data-elementor-id=\"4396\" class=\"elementor elementor-4396\" data-elementor-post-type=\"page\">\n\t\t\t\t\t\t<section class=\"elementor-section elementor-top-section elementor-element elementor-element-5b0f1931 elementor-section-height-min-height elementor-section-boxed elementor-section-height-default elementor-section-items-middle\" data-id=\"5b0f1931\" data-element_type=\"section\" id=\"about\">\n\t\t\t\t\t\t<div class=\"elementor-container elementor-column-gap-default\">\n\t\t\t\t\t<div class=\"elementor-column elementor-col-100 elementor-top-column elementor-element elementor-element-46861\" data-id=\"46861\" data-element_type=\"column\">\n\t\t\t<div class=\"elementor-widget-wrap elementor-element-populated\">\n\t\t\t\t\t\t<div class=\"elementor-element elementor-element-c03e1e3 animated-slow elementor-widget__width-auto elementor-widget-mobile__width-initial elementor-absolute elementor-invisible elementor-widget elementor-widget-image\" data-id=\"c03e1e3\" data-element_type=\"widget\" data-settings=\"{&quot;motion_fx_motion_fx_mouse&quot;:&quot;yes&quot;,&quot;motion_fx_mouseTrack_effect&quot;:&quot;yes&quot;,&quot;motion_fx_mouseTrack_speed&quot;:{&quot;unit&quot;:&quot;px&quot;,&quot;size&quot;:0.200000000000000011102230246251565404236316680908203125,&quot;sizes&quot;:[]},&quot;_animation&quot;:&quot;fadeIn&quot;,&quot;_animation_delay&quot;:1000,&quot;_position&quot;:&quot;absolute&quot;}\" data-widget_type=\"image.default\">\n\t\t\t\t<div class=\"elementor-widget-container\">\n\t\t\t\t\t\t\t\t\t\t\t\t\t\t\t<img fetchpriority=\"high\" decoding=\"async\" width=\"768\" height=\"325\" src=\"https:\/\/job4all.ca\/wp-content\/uploads\/2024\/05\/Screenshot-2024-05-23-at-10.46.22-e1716450631785-768x325.png\" class=\"attachment-medium_large size-medium_large wp-image-3939\" alt=\"\" srcset=\"https:\/\/job4all.ca\/wp-content\/uploads\/2024\/05\/Screenshot-2024-05-23-at-10.46.22-e1716450631785-768x325.png 768w, https:\/\/job4all.ca\/wp-content\/uploads\/2024\/05\/Screenshot-2024-05-23-at-10.46.22-e1716450631785-300x127.png 300w, https:\/\/job4all.ca\/wp-content\/uploads\/2024\/05\/Screenshot-2024-05-23-at-10.46.22-e1716450631785-1024x433.png 1024w, https:\/\/job4all.ca\/wp-content\/uploads\/2024\/05\/Screenshot-2024-05-23-at-10.46.22-e1716450631785.png 1078w\" sizes=\"(max-width: 768px) 100vw, 768px\" \/>\t\t\t\t\t\t\t\t\t\t\t\t\t\t\t<\/div>\n\t\t\t\t<\/div>\n\t\t\t\t<div class=\"elementor-element elementor-element-4036d200 animated-slow elementor-widget__width-auto elementor-widget-mobile__width-initial elementor-absolute elementor-invisible elementor-widget elementor-widget-image\" data-id=\"4036d200\" data-element_type=\"widget\" data-settings=\"{&quot;motion_fx_motion_fx_mouse&quot;:&quot;yes&quot;,&quot;motion_fx_mouseTrack_effect&quot;:&quot;yes&quot;,&quot;motion_fx_mouseTrack_direction&quot;:&quot;negative&quot;,&quot;motion_fx_mouseTrack_speed&quot;:{&quot;unit&quot;:&quot;px&quot;,&quot;size&quot;:0.200000000000000011102230246251565404236316680908203125,&quot;sizes&quot;:[]},&quot;_animation&quot;:&quot;fadeIn&quot;,&quot;_animation_delay&quot;:1300,&quot;_position&quot;:&quot;absolute&quot;}\" data-widget_type=\"image.default\">\n\t\t\t\t<div class=\"elementor-widget-container\">\n\t\t\t\t\t\t\t\t\t\t\t\t\t\t\t<img decoding=\"async\" width=\"768\" height=\"323\" src=\"https:\/\/job4all.ca\/wp-content\/uploads\/2024\/05\/Screenshot-2024-05-23-at-10.46.25-e1716450761341-768x323.png\" class=\"attachment-medium_large size-medium_large wp-image-3940\" alt=\"\" srcset=\"https:\/\/job4all.ca\/wp-content\/uploads\/2024\/05\/Screenshot-2024-05-23-at-10.46.25-e1716450761341-768x323.png 768w, https:\/\/job4all.ca\/wp-content\/uploads\/2024\/05\/Screenshot-2024-05-23-at-10.46.25-e1716450761341-300x126.png 300w, https:\/\/job4all.ca\/wp-content\/uploads\/2024\/05\/Screenshot-2024-05-23-at-10.46.25-e1716450761341-1024x430.png 1024w, https:\/\/job4all.ca\/wp-content\/uploads\/2024\/05\/Screenshot-2024-05-23-at-10.46.25-e1716450761341.png 1083w\" sizes=\"(max-width: 768px) 100vw, 768px\" \/>\t\t\t\t\t\t\t\t\t\t\t\t\t\t\t<\/div>\n\t\t\t\t<\/div>\n\t\t\t\t<div class=\"elementor-element elementor-element-15dd59a1 animated-slow elementor-widget__width-auto elementor-widget-mobile__width-initial elementor-absolute elementor-invisible elementor-widget elementor-widget-image\" data-id=\"15dd59a1\" data-element_type=\"widget\" data-settings=\"{&quot;motion_fx_motion_fx_mouse&quot;:&quot;yes&quot;,&quot;motion_fx_mouseTrack_effect&quot;:&quot;yes&quot;,&quot;motion_fx_mouseTrack_direction&quot;:&quot;negative&quot;,&quot;motion_fx_mouseTrack_speed&quot;:{&quot;unit&quot;:&quot;px&quot;,&quot;size&quot;:0.200000000000000011102230246251565404236316680908203125,&quot;sizes&quot;:[]},&quot;_animation&quot;:&quot;fadeIn&quot;,&quot;_animation_delay&quot;:1600,&quot;_position&quot;:&quot;absolute&quot;}\" data-widget_type=\"image.default\">\n\t\t\t\t<div class=\"elementor-widget-container\">\n\t\t\t\t\t\t\t\t\t\t\t\t\t\t\t<img decoding=\"async\" width=\"768\" height=\"324\" src=\"https:\/\/job4all.ca\/wp-content\/uploads\/2024\/05\/Screenshot-2024-05-23-at-10.46.26-e1716450963639-768x324.png\" class=\"attachment-medium_large size-medium_large wp-image-3942\" alt=\"\" srcset=\"https:\/\/job4all.ca\/wp-content\/uploads\/2024\/05\/Screenshot-2024-05-23-at-10.46.26-e1716450963639-768x324.png 768w, https:\/\/job4all.ca\/wp-content\/uploads\/2024\/05\/Screenshot-2024-05-23-at-10.46.26-e1716450963639-300x127.png 300w, https:\/\/job4all.ca\/wp-content\/uploads\/2024\/05\/Screenshot-2024-05-23-at-10.46.26-e1716450963639-1024x432.png 1024w, https:\/\/job4all.ca\/wp-content\/uploads\/2024\/05\/Screenshot-2024-05-23-at-10.46.26-e1716450963639.png 1080w\" sizes=\"(max-width: 768px) 100vw, 768px\" \/>\t\t\t\t\t\t\t\t\t\t\t\t\t\t\t<\/div>\n\t\t\t\t<\/div>\n\t\t\t\t<div class=\"elementor-element elementor-element-3edce486 animated-slow elementor-widget__width-auto elementor-widget-mobile__width-initial elementor-absolute elementor-invisible elementor-widget elementor-widget-image\" data-id=\"3edce486\" data-element_type=\"widget\" data-settings=\"{&quot;motion_fx_motion_fx_mouse&quot;:&quot;yes&quot;,&quot;motion_fx_mouseTrack_effect&quot;:&quot;yes&quot;,&quot;motion_fx_mouseTrack_speed&quot;:{&quot;unit&quot;:&quot;px&quot;,&quot;size&quot;:0.200000000000000011102230246251565404236316680908203125,&quot;sizes&quot;:[]},&quot;_animation&quot;:&quot;fadeIn&quot;,&quot;_animation_delay&quot;:1900,&quot;_position&quot;:&quot;absolute&quot;}\" data-widget_type=\"image.default\">\n\t\t\t\t<div class=\"elementor-widget-container\">\n\t\t\t\t\t\t\t\t\t\t\t\t\t\t\t<img loading=\"lazy\" decoding=\"async\" width=\"768\" height=\"325\" src=\"https:\/\/job4all.ca\/wp-content\/uploads\/2024\/05\/Screenshot-2024-05-23-at-10.46.23-e1716450870384-768x325.png\" class=\"attachment-medium_large size-medium_large wp-image-3941\" alt=\"\" srcset=\"https:\/\/job4all.ca\/wp-content\/uploads\/2024\/05\/Screenshot-2024-05-23-at-10.46.23-e1716450870384-768x325.png 768w, https:\/\/job4all.ca\/wp-content\/uploads\/2024\/05\/Screenshot-2024-05-23-at-10.46.23-e1716450870384-300x127.png 300w, https:\/\/job4all.ca\/wp-content\/uploads\/2024\/05\/Screenshot-2024-05-23-at-10.46.23-e1716450870384-1024x434.png 1024w, https:\/\/job4all.ca\/wp-content\/uploads\/2024\/05\/Screenshot-2024-05-23-at-10.46.23-e1716450870384.png 1074w\" sizes=\"(max-width: 768px) 100vw, 768px\" \/>\t\t\t\t\t\t\t\t\t\t\t\t\t\t\t<\/div>\n\t\t\t\t<\/div>\n\t\t\t\t<section class=\"elementor-section elementor-inner-section elementor-element elementor-element-4b936523 elementor-section-boxed elementor-section-height-default elementor-section-height-default\" data-id=\"4b936523\" data-element_type=\"section\">\n\t\t\t\t\t\t<div class=\"elementor-container elementor-column-gap-default\">\n\t\t\t\t\t<div class=\"elementor-column elementor-col-100 elementor-inner-column elementor-element elementor-element-33db1574\" data-id=\"33db1574\" data-element_type=\"column\">\n\t\t\t<div class=\"elementor-widget-wrap elementor-element-populated\">\n\t\t\t\t\t\t<div class=\"elementor-element elementor-element-4d93781 animated-slow elementor-invisible elementor-widget elementor-widget-heading\" data-id=\"4d93781\" data-element_type=\"widget\" data-settings=\"{&quot;_animation&quot;:&quot;fadeInUp&quot;}\" data-widget_type=\"heading.default\">\n\t\t\t\t<div class=\"elementor-widget-container\">\n\t\t\t\t\t<h1 class=\"elementor-heading-title elementor-size-default\">L'indemnisation\n<\/h1>\t\t\t\t<\/div>\n\t\t\t\t<\/div>\n\t\t\t\t\t<\/div>\n\t\t<\/div>\n\t\t\t\t\t<\/div>\n\t\t<\/section>\n\t\t\t\t<section class=\"elementor-section elementor-inner-section elementor-element elementor-element-23e96ae2 elementor-section-boxed elementor-section-height-default elementor-section-height-default\" data-id=\"23e96ae2\" data-element_type=\"section\">\n\t\t\t\t\t\t<div class=\"elementor-container elementor-column-gap-default\">\n\t\t\t\t\t<div class=\"elementor-column elementor-col-100 elementor-inner-column elementor-element elementor-element-198857bf\" data-id=\"198857bf\" data-element_type=\"column\">\n\t\t\t<div class=\"elementor-widget-wrap elementor-element-populated\">\n\t\t\t\t\t\t<div class=\"elementor-element elementor-element-6756a8c2 animated-slow elementor-invisible elementor-widget elementor-widget-heading\" data-id=\"6756a8c2\" data-element_type=\"widget\" data-settings=\"{&quot;_animation&quot;:&quot;fadeInUp&quot;,&quot;_animation_delay&quot;:300}\" data-widget_type=\"heading.default\">\n\t\t\t\t<div class=\"elementor-widget-container\">\n\t\t\t\t\t<p class=\"elementor-heading-title elementor-size-default\">Notre clause d'indemnisation garantit que les utilisateurs prot\u00e8gent Job4All contre toute r\u00e9clamation ou perte d\u00e9coulant de leur utilisation ou violation de nos politiques.<\/p>\t\t\t\t<\/div>\n\t\t\t\t<\/div>\n\t\t\t\t\t<\/div>\n\t\t<\/div>\n\t\t\t\t\t<\/div>\n\t\t<\/section>\n\t\t\t\t<section class=\"elementor-section elementor-inner-section elementor-element elementor-element-70737003 elementor-section-boxed elementor-section-height-default elementor-section-height-default\" data-id=\"70737003\" data-element_type=\"section\">\n\t\t\t\t\t\t<div class=\"elementor-container elementor-column-gap-default\">\n\t\t\t\t\t<div class=\"elementor-column elementor-col-100 elementor-inner-column elementor-element elementor-element-896fc5c\" data-id=\"896fc5c\" data-element_type=\"column\">\n\t\t\t<div class=\"elementor-widget-wrap elementor-element-populated\">\n\t\t\t\t\t\t<div class=\"elementor-element elementor-element-445d76a elementor-widget__width-auto animated-slow elementor-invisible elementor-widget elementor-widget-button\" data-id=\"445d76a\" data-element_type=\"widget\" data-settings=\"{&quot;_animation&quot;:&quot;fadeInLeft&quot;,&quot;_animation_delay&quot;:600}\" data-widget_type=\"button.default\">\n\t\t\t\t<div class=\"elementor-widget-container\">\n\t\t\t\t\t\t\t\t\t<div class=\"elementor-button-wrapper\">\n\t\t\t\t\t<a class=\"elementor-button elementor-button-link elementor-size-md elementor-animation-hang\" href=\"https:\/\/job4all.ca\/fr\">\n\t\t\t\t\t\t<span class=\"elementor-button-content-wrapper\">\n\t\t\t\t\t\t\t\t\t<span class=\"elementor-button-text\">Accueil<\/span>\n\t\t\t\t\t<\/span>\n\t\t\t\t\t<\/a>\n\t\t\t\t<\/div>\n\t\t\t\t\t\t\t\t<\/div>\n\t\t\t\t<\/div>\n\t\t\t\t<div class=\"elementor-element elementor-element-418db004 elementor-widget__width-auto animated-slow elementor-invisible elementor-widget elementor-widget-button\" data-id=\"418db004\" data-element_type=\"widget\" data-settings=\"{&quot;_animation&quot;:&quot;fadeInRight&quot;,&quot;_animation_delay&quot;:600}\" data-widget_type=\"button.default\">\n\t\t\t\t<div class=\"elementor-widget-container\">\n\t\t\t\t\t\t\t\t\t<div class=\"elementor-button-wrapper\">\n\t\t\t\t\t<a class=\"elementor-button elementor-button-link elementor-size-md elementor-animation-hang\" href=\"#\">\n\t\t\t\t\t\t<span class=\"elementor-button-content-wrapper\">\n\t\t\t\t\t\t\t\t\t<span class=\"elementor-button-text\">Contactez-Nous<\/span>\n\t\t\t\t\t<\/span>\n\t\t\t\t\t<\/a>\n\t\t\t\t<\/div>\n\t\t\t\t\t\t\t\t<\/div>\n\t\t\t\t<\/div>\n\t\t\t\t\t<\/div>\n\t\t<\/div>\n\t\t\t\t\t<\/div>\n\t\t<\/section>\n\t\t\t\t\t<\/div>\n\t\t<\/div>\n\t\t\t\t\t<\/div>\n\t\t<\/section>\n\t\t\t\t<section class=\"elementor-section elementor-top-section elementor-element elementor-element-415d83a2 elementor-section-boxed elementor-section-height-default elementor-section-height-default\" data-id=\"415d83a2\" data-element_type=\"section\" id=\"use_cases\">\n\t\t\t\t\t\t<div class=\"elementor-container elementor-column-gap-default\">\n\t\t\t\t\t<div class=\"elementor-column elementor-col-100 elementor-top-column elementor-element elementor-element-7a093239\" data-id=\"7a093239\" data-element_type=\"column\">\n\t\t\t<div class=\"elementor-widget-wrap elementor-element-populated\">\n\t\t\t\t\t\t<section class=\"elementor-section elementor-inner-section elementor-element elementor-element-17157087 elementor-section-full_width elementor-section-height-default elementor-section-height-default\" data-id=\"17157087\" data-element_type=\"section\">\n\t\t\t\t\t\t<div class=\"elementor-container elementor-column-gap-no\">\n\t\t\t\t\t<div class=\"elementor-column elementor-col-50 elementor-inner-column elementor-element elementor-element-23a1dfbc\" data-id=\"23a1dfbc\" data-element_type=\"column\">\n\t\t\t<div class=\"elementor-widget-wrap elementor-element-populated\">\n\t\t\t\t\t\t<div class=\"elementor-element elementor-element-1789ff7a elementor-widget__width-auto elementor-widget-tablet__width-initial elementor-absolute elementor-widget elementor-widget-image\" data-id=\"1789ff7a\" data-element_type=\"widget\" data-settings=\"{&quot;motion_fx_motion_fx_scrolling&quot;:&quot;yes&quot;,&quot;motion_fx_translateY_effect&quot;:&quot;yes&quot;,&quot;motion_fx_translateY_direction&quot;:&quot;negative&quot;,&quot;motion_fx_translateY_speed&quot;:{&quot;unit&quot;:&quot;px&quot;,&quot;size&quot;:1.5,&quot;sizes&quot;:[]},&quot;motion_fx_devices&quot;:[&quot;desktop&quot;,&quot;tablet&quot;],&quot;_position&quot;:&quot;absolute&quot;,&quot;motion_fx_translateY_affectedRange&quot;:{&quot;unit&quot;:&quot;%&quot;,&quot;size&quot;:&quot;&quot;,&quot;sizes&quot;:{&quot;start&quot;:0,&quot;end&quot;:100}}}\" data-widget_type=\"image.default\">\n\t\t\t\t<div class=\"elementor-widget-container\">\n\t\t\t\t\t\t\t\t\t\t\t\t\t\t\t<img loading=\"lazy\" decoding=\"async\" width=\"123\" height=\"89\" src=\"https:\/\/job4all.ca\/wp-content\/uploads\/2024\/05\/cloud-down.png\" class=\"attachment-full size-full wp-image-3801\" alt=\"\" \/>\t\t\t\t\t\t\t\t\t\t\t\t\t\t\t<\/div>\n\t\t\t\t<\/div>\n\t\t\t\t<div class=\"elementor-element elementor-element-7a0260f2 elementor-widget elementor-widget-image\" data-id=\"7a0260f2\" data-element_type=\"widget\" data-widget_type=\"image.default\">\n\t\t\t\t<div class=\"elementor-widget-container\">\n\t\t\t\t\t\t\t\t\t\t\t\t\t\t\t<img loading=\"lazy\" decoding=\"async\" width=\"1220\" height=\"1220\" src=\"https:\/\/job4all.ca\/wp-content\/uploads\/2024\/06\/imageedit_113_4353137946.jpg\" class=\"attachment-full size-full wp-image-4461\" alt=\"\" srcset=\"https:\/\/job4all.ca\/wp-content\/uploads\/2024\/06\/imageedit_113_4353137946.jpg 1220w, https:\/\/job4all.ca\/wp-content\/uploads\/2024\/06\/imageedit_113_4353137946-300x300.jpg 300w, https:\/\/job4all.ca\/wp-content\/uploads\/2024\/06\/imageedit_113_4353137946-1024x1024.jpg 1024w, https:\/\/job4all.ca\/wp-content\/uploads\/2024\/06\/imageedit_113_4353137946-150x150.jpg 150w, https:\/\/job4all.ca\/wp-content\/uploads\/2024\/06\/imageedit_113_4353137946-768x768.jpg 768w\" sizes=\"(max-width: 1220px) 100vw, 1220px\" \/>\t\t\t\t\t\t\t\t\t\t\t\t\t\t\t<\/div>\n\t\t\t\t<\/div>\n\t\t\t\t\t<\/div>\n\t\t<\/div>\n\t\t\t\t<div class=\"elementor-column elementor-col-50 elementor-inner-column elementor-element elementor-element-6bb2c362\" data-id=\"6bb2c362\" data-element_type=\"column\">\n\t\t\t<div class=\"elementor-widget-wrap elementor-element-populated\">\n\t\t\t\t\t\t<div class=\"elementor-element elementor-element-3b22174e animated-slow elementor-invisible elementor-widget elementor-widget-heading\" data-id=\"3b22174e\" data-element_type=\"widget\" data-settings=\"{&quot;_animation&quot;:&quot;fadeInUp&quot;}\" data-widget_type=\"heading.default\">\n\t\t\t\t<div class=\"elementor-widget-container\">\n\t\t\t\t\t<h2 class=\"elementor-heading-title elementor-size-default\">Coop\u00e9ration<\/h2>\t\t\t\t<\/div>\n\t\t\t\t<\/div>\n\t\t\t\t<div class=\"elementor-element elementor-element-1df768de animated-slow elementor-widget__width-initial elementor-invisible elementor-widget elementor-widget-heading\" data-id=\"1df768de\" data-element_type=\"widget\" data-settings=\"{&quot;_animation&quot;:&quot;fadeInUp&quot;,&quot;_animation_delay&quot;:200}\" data-widget_type=\"heading.default\">\n\t\t\t\t<div class=\"elementor-widget-container\">\n\t\t\t\t\t<p class=\"elementor-heading-title elementor-size-default\">Vous acceptez de coop\u00e9rer pleinement dans la d\u00e9fense de toute r\u00e9clamation et de fournir rapidement \u00e0 Job4All toutes les informations n\u00e9cessaires \u00e0 la d\u00e9fense. Job4All se r\u00e9serve le droit d'assumer la d\u00e9fense exclusive et le contr\u00f4le de toute affaire faisant l'objet d'une indemnisation de votre part, et vous acceptez de ne pas r\u00e9gler tout litige.<\/p>\t\t\t\t<\/div>\n\t\t\t\t<\/div>\n\t\t\t\t\t<\/div>\n\t\t<\/div>\n\t\t\t\t\t<\/div>\n\t\t<\/section>\n\t\t\t\t<section class=\"elementor-section elementor-inner-section elementor-element elementor-element-68703658 elementor-section-full_width elementor-section-height-default elementor-section-height-default\" data-id=\"68703658\" data-element_type=\"section\">\n\t\t\t\t\t\t<div class=\"elementor-container elementor-column-gap-no\">\n\t\t\t\t\t<div class=\"elementor-column elementor-col-50 elementor-inner-column elementor-element elementor-element-6b7f480e\" data-id=\"6b7f480e\" data-element_type=\"column\">\n\t\t\t<div class=\"elementor-widget-wrap elementor-element-populated\">\n\t\t\t\t\t\t<div class=\"elementor-element elementor-element-31074e55 animated-slow elementor-invisible elementor-widget elementor-widget-heading\" data-id=\"31074e55\" data-element_type=\"widget\" data-settings=\"{&quot;_animation&quot;:&quot;fadeInUp&quot;}\" data-widget_type=\"heading.default\">\n\t\t\t\t<div class=\"elementor-widget-container\">\n\t\t\t\t\t<h2 class=\"elementor-heading-title elementor-size-default\">Clause D'indemnisation<\/h2>\t\t\t\t<\/div>\n\t\t\t\t<\/div>\n\t\t\t\t<div class=\"elementor-element elementor-element-392132c0 animated-slow elementor-widget__width-initial elementor-invisible elementor-widget elementor-widget-heading\" data-id=\"392132c0\" data-element_type=\"widget\" data-settings=\"{&quot;_animation&quot;:&quot;fadeInUp&quot;,&quot;_animation_delay&quot;:200}\" data-widget_type=\"heading.default\">\n\t\t\t\t<div class=\"elementor-widget-container\">\n\t\t\t\t\t<p class=\"elementor-heading-title elementor-size-default\">Vous acceptez d'indemniser et de d\u00e9gager Job4All, ses filiales, ses dirigeants, ses directeurs, ses employ\u00e9s, ses agents et ses partenaires de toute r\u00e9clamation, responsabilit\u00e9, dommage, perte, co\u00fbt et d\u00e9pense, y compris les honoraires raisonnables des avocats, d\u00e9coulant de votre utilisation de notre site web ou de nos services, de votre violation de cette politique de confidentialit\u00e9.<\/p>\t\t\t\t<\/div>\n\t\t\t\t<\/div>\n\t\t\t\t\t<\/div>\n\t\t<\/div>\n\t\t\t\t<div class=\"elementor-column elementor-col-50 elementor-inner-column elementor-element elementor-element-7ad0dc0\" data-id=\"7ad0dc0\" data-element_type=\"column\">\n\t\t\t<div class=\"elementor-widget-wrap elementor-element-populated\">\n\t\t\t\t\t\t<div class=\"elementor-element elementor-element-7dfb15df elementor-widget__width-auto elementor-widget-tablet__width-initial elementor-absolute elementor-widget elementor-widget-image\" data-id=\"7dfb15df\" data-element_type=\"widget\" data-settings=\"{&quot;motion_fx_motion_fx_scrolling&quot;:&quot;yes&quot;,&quot;motion_fx_rotateZ_effect&quot;:&quot;yes&quot;,&quot;motion_fx_rotateZ_speed&quot;:{&quot;unit&quot;:&quot;px&quot;,&quot;size&quot;:1.5,&quot;sizes&quot;:[]},&quot;_position&quot;:&quot;absolute&quot;,&quot;motion_fx_rotateZ_affectedRange&quot;:{&quot;unit&quot;:&quot;%&quot;,&quot;size&quot;:&quot;&quot;,&quot;sizes&quot;:{&quot;start&quot;:0,&quot;end&quot;:100}},&quot;motion_fx_devices&quot;:[&quot;desktop&quot;,&quot;tablet&quot;,&quot;mobile&quot;]}\" data-widget_type=\"image.default\">\n\t\t\t\t<div class=\"elementor-widget-container\">\n\t\t\t\t\t\t\t\t\t\t\t\t\t\t\t<img loading=\"lazy\" decoding=\"async\" width=\"56\" height=\"56\" src=\"https:\/\/job4all.ca\/wp-content\/uploads\/2024\/05\/gear.png\" class=\"attachment-full size-full wp-image-3799\" alt=\"\" \/>\t\t\t\t\t\t\t\t\t\t\t\t\t\t\t<\/div>\n\t\t\t\t<\/div>\n\t\t\t\t<div class=\"elementor-element elementor-element-597e68a1 elementor-widget elementor-widget-image\" data-id=\"597e68a1\" data-element_type=\"widget\" data-widget_type=\"image.default\">\n\t\t\t\t<div class=\"elementor-widget-container\">\n\t\t\t\t\t\t\t\t\t\t\t\t\t\t\t<img loading=\"lazy\" decoding=\"async\" width=\"1220\" height=\"1220\" src=\"https:\/\/job4all.ca\/wp-content\/uploads\/2024\/06\/imageedit_127_8155945452.jpg\" class=\"attachment-full size-full wp-image-4462\" alt=\"\" srcset=\"https:\/\/job4all.ca\/wp-content\/uploads\/2024\/06\/imageedit_127_8155945452.jpg 1220w, https:\/\/job4all.ca\/wp-content\/uploads\/2024\/06\/imageedit_127_8155945452-300x300.jpg 300w, https:\/\/job4all.ca\/wp-content\/uploads\/2024\/06\/imageedit_127_8155945452-1024x1024.jpg 1024w, https:\/\/job4all.ca\/wp-content\/uploads\/2024\/06\/imageedit_127_8155945452-150x150.jpg 150w, https:\/\/job4all.ca\/wp-content\/uploads\/2024\/06\/imageedit_127_8155945452-768x768.jpg 768w\" sizes=\"(max-width: 1220px) 100vw, 1220px\" \/>\t\t\t\t\t\t\t\t\t\t\t\t\t\t\t<\/div>\n\t\t\t\t<\/div>\n\t\t\t\t\t<\/div>\n\t\t<\/div>\n\t\t\t\t\t<\/div>\n\t\t<\/section>\n\t\t\t\t\t<\/div>\n\t\t<\/div>\n\t\t\t\t\t<\/div>\n\t\t<\/section>\n\t\t<div class=\"elementor-element elementor-element-eaeb34e e-flex e-con-boxed e-con e-parent\" data-id=\"eaeb34e\" data-element_type=\"container\">\n\t\t\t\t\t<div class=\"e-con-inner\">\n\t\t\t\t<div class=\"elementor-element elementor-element-4b4bc32 elementor-widget elementor-widget-spacer\" data-id=\"4b4bc32\" data-element_type=\"widget\" data-widget_type=\"spacer.default\">\n\t\t\t\t<div class=\"elementor-widget-container\">\n\t\t\t\t\t\t\t<div class=\"elementor-spacer\">\n\t\t\t<div class=\"elementor-spacer-inner\"><\/div>\n\t\t<\/div>\n\t\t\t\t\t\t<\/div>\n\t\t\t\t<\/div>\n\t\t\t\t\t<\/div>\n\t\t\t\t<\/div>\n\t\t\t\t<\/div>","protected":false},"excerpt":{"rendered":"<p>Indemnification Our indemnification clause ensures that users protect Job4All from any claims or losses arising from their use, violation of our policies, or infringement on others&#8217; rights. Home Contact Us Cooperation You agree to cooperate fully in the defense of any claim and to promptly provide Job4All with any information necessary for defense. Job4All reserves [&hellip;]<\/p>","protected":false},"author":1,"featured_media":0,"parent":0,"menu_order":0,"comment_status":"closed","ping_status":"closed","template":"","meta":{"footnotes":""},"class_list":["post-4396","page","type-page","status-publish","hentry"],"_links":{"self":[{"href":"https:\/\/job4all.ca\/fr\/wp-json\/wp\/v2\/pages\/4396","targetHints":{"allow":["GET"]}}],"collection":[{"href":"https:\/\/job4all.ca\/fr\/wp-json\/wp\/v2\/pages"}],"about":[{"href":"https:\/\/job4all.ca\/fr\/wp-json\/wp\/v2\/types\/page"}],"author":[{"embeddable":true,"href":"https:\/\/job4all.ca\/fr\/wp-json\/wp\/v2\/users\/1"}],"replies":[{"embeddable":true,"href":"https:\/\/job4all.ca\/fr\/wp-json\/wp\/v2\/comments?post=4396"}],"version-history":[{"count":10,"href":"https:\/\/job4all.ca\/fr\/wp-json\/wp\/v2\/pages\/4396\/revisions"}],"predecessor-version":[{"id":4476,"href":"https:\/\/job4all.ca\/fr\/wp-json\/wp\/v2\/pages\/4396\/revisions\/4476"}],"wp:attachment":[{"href":"https:\/\/job4all.ca\/fr\/wp-json\/wp\/v2\/media?parent=4396"}],"curies":[{"name":"wp","href":"https:\/\/api.w.org\/{rel}","templated":true}]}}